{"id":104,"date":"2018-05-29T16:14:12","date_gmt":"2018-05-29T14:14:12","guid":{"rendered":"http:\/\/homeriders.net\/?page_id=104"},"modified":"2018-05-30T11:10:21","modified_gmt":"2018-05-30T09:10:21","slug":"homeriders","status":"publish","type":"page","link":"https:\/\/homeriders.net\/?page_id=104","title":{"rendered":"HomeRiders ?"},"content":{"rendered":"<p style=\"text-align: center;\"><strong>Des bi\u00e8res, du sauciflard, de la connerie et BAM !<\/strong><\/p>\n<p>Au d\u00e9but, on se voyait bien monter des r\u00e9tros rizoma ou mettre un sticker FFR&#8230; De conneries en id\u00e9es de merdes, on a vis\u00e9 les \u00e9toiles. On s&rsquo;est mis une quille pour nous inspirer.<\/p>\n<p>Apr\u00e8s quelques refus de sponsors, on s&rsquo;est dit qu&rsquo;une association donnerait du s\u00e9rieux \u00e0 notre folie. L&rsquo;association HomeRiders est n\u00e9e.<\/p>\n<p>Notre objectif : montrer \u00e0 tous les novices de la m\u00e9canique qu&rsquo;avec une disqueuse et un marteau on refait le monde entier, affirmer que oser ouvre des possibilit\u00e9s, prouver que le plaisir offrira toujours plus qu&rsquo;une victoire et conclure en d\u00e9montrant qu&rsquo;une aventure en groupe am\u00e8nera plus loin qu&rsquo;une exp\u00e9dition solitaire. Tout \u00e7a pour que toi, la seule personne \u00e0 nous juger directement, tu puisses te moquer de nos \u00e9checs, t&rsquo;amuser de nos conneries et t&rsquo;enjailler de nos victoires.<\/p>\n<p>Ce qui faut retenir c&rsquo;est que HR \u00e7a restera l&rsquo;apero entre potes, les id\u00e9es de merdes qui vont loin, les chutes en roadtrips, les r\u00e9parations de manouche sur le pouce et j&rsquo;en passe&#8230;<\/p>\n<p><img loading=\"lazy\" decoding=\"async\" class=\"aligncenter wp-image-116\" src=\"https:\/\/homeriders.net\/wp-content\/uploads\/2018\/05\/HRTRASH1-300x180.png\" alt=\"\" width=\"1000\" height=\"600\" srcset=\"https:\/\/homeriders.net\/wp-content\/uploads\/2018\/05\/HRTRASH1-300x180.png 300w, https:\/\/homeriders.net\/wp-content\/uploads\/2018\/05\/HRTRASH1-768x461.png 768w, https:\/\/homeriders.net\/wp-content\/uploads\/2018\/05\/HRTRASH1-1024x614.png 1024w, https:\/\/homeriders.net\/wp-content\/uploads\/2018\/05\/HRTRASH1.png 2000w\" sizes=\"auto, (max-width: 767px) 89vw, (max-width: 1000px) 54vw, (max-width: 1071px) 543px, 580px\" \/><\/p>\n<p><img loading=\"lazy\" decoding=\"async\" class=\"aligncenter wp-image-117\" src=\"https:\/\/homeriders.net\/wp-content\/uploads\/2018\/05\/HRTRASH2-300x180.png\" alt=\"\" width=\"1000\" height=\"600\" srcset=\"https:\/\/homeriders.net\/wp-content\/uploads\/2018\/05\/HRTRASH2-300x180.png 300w, https:\/\/homeriders.net\/wp-content\/uploads\/2018\/05\/HRTRASH2-768x461.png 768w, https:\/\/homeriders.net\/wp-content\/uploads\/2018\/05\/HRTRASH2-1024x614.png 1024w, https:\/\/homeriders.net\/wp-content\/uploads\/2018\/05\/HRTRASH2.png 2000w\" sizes=\"auto, (max-width: 767px) 89vw, (max-width: 1000px) 54vw, (max-width: 1071px) 543px, 580px\" \/><\/p>\n<p>type de lecture : <a href=\"https:\/\/homeriders.net\/?page_id=8\">Langue de bois<\/a> \/ <strong>L&rsquo;autre<\/strong><\/p>\n","protected":false},"excerpt":{"rendered":"<p>Des bi\u00e8res, du sauciflard, de la connerie et BAM ! Au d\u00e9but, on se voyait bien monter des r\u00e9tros rizoma ou mettre un sticker FFR&#8230; De conneries en id\u00e9es de merdes, on a vis\u00e9 les \u00e9toiles. On s&rsquo;est mis une quille pour nous inspirer. Apr\u00e8s quelques refus de sponsors, on s&rsquo;est dit qu&rsquo;une association donnerait &hellip; <\/p>\n<p class=\"link-more\"><a href=\"https:\/\/homeriders.net\/?page_id=104\" class=\"more-link\">Continuer la lecture<span class=\"screen-reader-text\"> de &laquo;&nbsp;HomeRiders ?&nbsp;&raquo;<\/span><\/a><\/p>\n","protected":false},"author":3,"featured_media":0,"parent":0,"menu_order":0,"comment_status":"closed","ping_status":"closed","template":"","meta":{"footnotes":""},"class_list":["post-104","page","type-page","status-publish","hentry"],"jetpack_sharing_enabled":true,"_links":{"self":[{"href":"https:\/\/homeriders.net\/index.php?rest_route=\/wp\/v2\/pages\/104","targetHints":{"allow":["GET"]}}],"collection":[{"href":"https:\/\/homeriders.net\/index.php?rest_route=\/wp\/v2\/pages"}],"about":[{"href":"https:\/\/homeriders.net\/index.php?rest_route=\/wp\/v2\/types\/page"}],"author":[{"embeddable":true,"href":"https:\/\/homeriders.net\/index.php?rest_route=\/wp\/v2\/users\/3"}],"replies":[{"embeddable":true,"href":"https:\/\/homeriders.net\/index.php?rest_route=%2Fwp%2Fv2%2Fcomments&post=104"}],"version-history":[{"count":12,"href":"https:\/\/homeriders.net\/index.php?rest_route=\/wp\/v2\/pages\/104\/revisions"}],"predecessor-version":[{"id":133,"href":"https:\/\/homeriders.net\/index.php?rest_route=\/wp\/v2\/pages\/104\/revisions\/133"}],"wp:attachment":[{"href":"https:\/\/homeriders.net\/index.php?rest_route=%2Fwp%2Fv2%2Fmedia&parent=104"}],"curies":[{"name":"wp","href":"https:\/\/api.w.org\/{rel}","templated":true}]}}