{"id":7,"date":"2018-05-16T22:44:35","date_gmt":"2018-05-16T20:44:35","guid":{"rendered":"http:\/\/homeriders.net\/?page_id=7"},"modified":"2018-05-29T17:14:57","modified_gmt":"2018-05-29T15:14:57","slug":"accueil","status":"publish","type":"page","link":"https:\/\/homeriders.net\/","title":{"rendered":"Qui sommes-nous"},"content":{"rendered":"<p>Une bande de potes ? Une Asso ? Un Collectif m\u00e9tiss\u00e9 ? Une id\u00e9ologie ?<br \/>\nUn Peu tout \u00e7a en m\u00eame temps ! Vois \u00e7a comme un entassement de plaisir et de pur d\u00e9lire. <a href=\"https:\/\/homeriders.net\/?page_id=8\">Viens d\u00e9couvrir ce que repr\u00e9sente HomeRiders !\u00a0<\/a><\/p>\n","protected":false},"excerpt":{"rendered":"<p>Une bande de potes ? Une Asso ? Un Collectif m\u00e9tiss\u00e9 ? Une id\u00e9ologie ? Un Peu tout \u00e7a en m\u00eame temps ! Vois \u00e7a comme un entassement de plaisir et de pur d\u00e9lire. Viens d\u00e9couvrir ce que repr\u00e9sente HomeRiders !\u00a0<\/p>\n","protected":false},"author":3,"featured_media":62,"parent":0,"menu_order":0,"comment_status":"closed","ping_status":"closed","template":"","meta":{"footnotes":""},"class_list":["post-7","page","type-page","status-publish","has-post-thumbnail","hentry"],"jetpack_sharing_enabled":true,"_links":{"self":[{"href":"https:\/\/homeriders.net\/index.php?rest_route=\/wp\/v2\/pages\/7","targetHints":{"allow":["GET"]}}],"collection":[{"href":"https:\/\/homeriders.net\/index.php?rest_route=\/wp\/v2\/pages"}],"about":[{"href":"https:\/\/homeriders.net\/index.php?rest_route=\/wp\/v2\/types\/page"}],"author":[{"embeddable":true,"href":"https:\/\/homeriders.net\/index.php?rest_route=\/wp\/v2\/users\/3"}],"replies":[{"embeddable":true,"href":"https:\/\/homeriders.net\/index.php?rest_route=%2Fwp%2Fv2%2Fcomments&post=7"}],"version-history":[{"count":10,"href":"https:\/\/homeriders.net\/index.php?rest_route=\/wp\/v2\/pages\/7\/revisions"}],"predecessor-version":[{"id":119,"href":"https:\/\/homeriders.net\/index.php?rest_route=\/wp\/v2\/pages\/7\/revisions\/119"}],"wp:featuredmedia":[{"embeddable":true,"href":"https:\/\/homeriders.net\/index.php?rest_route=\/wp\/v2\/media\/62"}],"wp:attachment":[{"href":"https:\/\/homeriders.net\/index.php?rest_route=%2Fwp%2Fv2%2Fmedia&parent=7"}],"curies":[{"name":"wp","href":"https:\/\/api.w.org\/{rel}","templated":true}]}}