{"id":8,"date":"2018-05-16T22:44:35","date_gmt":"2018-05-16T20:44:35","guid":{"rendered":"http:\/\/homeriders.net\/?page_id=8"},"modified":"2019-10-09T10:22:59","modified_gmt":"2019-10-09T08:22:59","slug":"a-propos-de","status":"publish","type":"page","link":"https:\/\/homeriders.net\/?page_id=8","title":{"rendered":"HomeRiders ?"},"content":{"rendered":"<p style=\"text-align: center;\"><strong>Une bande de potes, un coin de table, une id\u00e9ologie et BAM !<\/strong><\/p>\n<p>Au d\u00e9but cela ne rassemblait qu&rsquo;\u00e0 des d\u00e9lires ou des r\u00eaves&#8230; Puis de fous en folies, on a vu plus grand. On a cadr\u00e9 l&rsquo;id\u00e9e pour s&rsquo;en servir de tremplin.<\/p>\n<p>Apr\u00e8s, quelques ann\u00e9es d&rsquo;utopie, on a pos\u00e9 les fondations en cr\u00e9ant l&rsquo;association (loi 1901) HomeRiders afin de d\u00e9velopper notre id\u00e9e.<\/p>\n<p>L&rsquo;objectif : partager en m\u00e9canique pour pousser des passionn\u00e9s \u00e0 entamer des pr\u00e9pas ou \u00e0 aller sur piste, voire s\u2019engager en comp\u00e9tition. Cela fait 6 ans que HomeRiders est fi\u00e8rement repr\u00e9sent\u00e9 par pas moins de 2 pilotes \u00e0 la <a href=\"https:\/\/homeriders.net\/?page_id=70\">MonstersRace.<\/a>\u00a0Parall\u00e8lement \u00e0 cela, nous organisons des sessions m\u00e9caniques sur les quelles nous partageons pour toujours plus divertir un public n\u00e9ophyte ou plus aguerri.<\/p>\n<p>Mais surtout, Homeriders reste et restera, les potes, les balades, les roadtrips, le partage, les d\u00e9lires, le plaisir, et bien d&rsquo;autres.<\/p>\n<p style=\"text-align: center;\"><img loading=\"lazy\" decoding=\"async\" class=\"aligncenter wp-image-94\" src=\"https:\/\/homeriders.net\/wp-content\/uploads\/2018\/05\/Homeriders1-2000x1200-1024x614.png\" alt=\"\" width=\"1000\" height=\"600\" srcset=\"https:\/\/homeriders.net\/wp-content\/uploads\/2018\/05\/Homeriders1-2000x1200-1024x614.png 1024w, https:\/\/homeriders.net\/wp-content\/uploads\/2018\/05\/Homeriders1-2000x1200-300x180.png 300w, https:\/\/homeriders.net\/wp-content\/uploads\/2018\/05\/Homeriders1-2000x1200-768x461.png 768w, https:\/\/homeriders.net\/wp-content\/uploads\/2018\/05\/Homeriders1-2000x1200.png 2000w\" sizes=\"auto, (max-width: 767px) 89vw, (max-width: 1000px) 54vw, (max-width: 1071px) 543px, 580px\" \/><\/p>\n<p><img loading=\"lazy\" decoding=\"async\" class=\"aligncenter wp-image-98\" src=\"https:\/\/homeriders.net\/wp-content\/uploads\/2018\/05\/Homeriders2-2000x1200-300x180.png\" alt=\"\" width=\"1000\" height=\"600\" srcset=\"https:\/\/homeriders.net\/wp-content\/uploads\/2018\/05\/Homeriders2-2000x1200-300x180.png 300w, https:\/\/homeriders.net\/wp-content\/uploads\/2018\/05\/Homeriders2-2000x1200-768x461.png 768w, https:\/\/homeriders.net\/wp-content\/uploads\/2018\/05\/Homeriders2-2000x1200-1024x614.png 1024w, https:\/\/homeriders.net\/wp-content\/uploads\/2018\/05\/Homeriders2-2000x1200.png 2000w\" sizes=\"auto, (max-width: 767px) 89vw, (max-width: 1000px) 54vw, (max-width: 1071px) 543px, 580px\" \/><\/p>\n<p>type de lecture : <strong>Langue de bois<\/strong> \/ <a href=\"https:\/\/homeriders.net\/?page_id=104\">L&rsquo;autre<\/a><\/p>\n","protected":false},"excerpt":{"rendered":"<p>Une bande de potes, un coin de table, une id\u00e9ologie et BAM ! Au d\u00e9but cela ne rassemblait qu&rsquo;\u00e0 des d\u00e9lires ou des r\u00eaves&#8230; Puis de fous en folies, on a vu plus grand. On a cadr\u00e9 l&rsquo;id\u00e9e pour s&rsquo;en servir de tremplin. Apr\u00e8s, quelques ann\u00e9es d&rsquo;utopie, on a pos\u00e9 les fondations en cr\u00e9ant l&rsquo;association &hellip; <\/p>\n<p class=\"link-more\"><a href=\"https:\/\/homeriders.net\/?page_id=8\" class=\"more-link\">Continuer la lecture<span class=\"screen-reader-text\"> de &laquo;&nbsp;HomeRiders ?&nbsp;&raquo;<\/span><\/a><\/p>\n","protected":false},"author":3,"featured_media":0,"parent":0,"menu_order":0,"comment_status":"open","ping_status":"closed","template":"","meta":{"footnotes":""},"class_list":["post-8","page","type-page","status-publish","hentry"],"jetpack_sharing_enabled":true,"_links":{"self":[{"href":"https:\/\/homeriders.net\/index.php?rest_route=\/wp\/v2\/pages\/8","targetHints":{"allow":["GET"]}}],"collection":[{"href":"https:\/\/homeriders.net\/index.php?rest_route=\/wp\/v2\/pages"}],"about":[{"href":"https:\/\/homeriders.net\/index.php?rest_route=\/wp\/v2\/types\/page"}],"author":[{"embeddable":true,"href":"https:\/\/homeriders.net\/index.php?rest_route=\/wp\/v2\/users\/3"}],"replies":[{"embeddable":true,"href":"https:\/\/homeriders.net\/index.php?rest_route=%2Fwp%2Fv2%2Fcomments&post=8"}],"version-history":[{"count":12,"href":"https:\/\/homeriders.net\/index.php?rest_route=\/wp\/v2\/pages\/8\/revisions"}],"predecessor-version":[{"id":744,"href":"https:\/\/homeriders.net\/index.php?rest_route=\/wp\/v2\/pages\/8\/revisions\/744"}],"wp:attachment":[{"href":"https:\/\/homeriders.net\/index.php?rest_route=%2Fwp%2Fv2%2Fmedia&parent=8"}],"curies":[{"name":"wp","href":"https:\/\/api.w.org\/{rel}","templated":true}]}}