{"id":9,"date":"2018-05-16T22:44:35","date_gmt":"2018-05-16T20:44:35","guid":{"rendered":"http:\/\/homeriders.net\/?page_id=9"},"modified":"2018-05-29T17:33:01","modified_gmt":"2018-05-29T15:33:01","slug":"contact","status":"publish","type":"page","link":"https:\/\/homeriders.net\/?page_id=9","title":{"rendered":"Contact"},"content":{"rendered":"<p><a href=\"mailto: dieu@homeriders.net\">Ici<\/a> tu peux nous contacter.<br \/>\nNota : tu trouveras d&rsquo;autres endroits dans le site le permettant \ud83d\ude09<br \/>\nNous sommes partiellement disponibles \u00e0 des horaires pas du tout d\u00e9finis&#8230;<br \/>\nPas parce que nous sommes des potentiels stars, pilotes, pr\u00e9parateurs, beaux gosses, riches businessmen ! Non ! Justement&#8230; C&rsquo;est exactement pour les raisons inverses !<\/p>\n","protected":false},"excerpt":{"rendered":"<p>Ici tu peux nous contacter. Nota : tu trouveras d&rsquo;autres endroits dans le site le permettant \ud83d\ude09 Nous sommes partiellement disponibles \u00e0 des horaires pas du tout d\u00e9finis&#8230; Pas parce que nous sommes des potentiels stars, pilotes, pr\u00e9parateurs, beaux gosses, riches businessmen ! Non ! Justement&#8230; C&rsquo;est exactement pour les raisons inverses !<\/p>\n","protected":false},"author":3,"featured_media":0,"parent":0,"menu_order":0,"comment_status":"closed","ping_status":"closed","template":"","meta":{"footnotes":""},"class_list":["post-9","page","type-page","status-publish","hentry"],"jetpack_sharing_enabled":true,"_links":{"self":[{"href":"https:\/\/homeriders.net\/index.php?rest_route=\/wp\/v2\/pages\/9","targetHints":{"allow":["GET"]}}],"collection":[{"href":"https:\/\/homeriders.net\/index.php?rest_route=\/wp\/v2\/pages"}],"about":[{"href":"https:\/\/homeriders.net\/index.php?rest_route=\/wp\/v2\/types\/page"}],"author":[{"embeddable":true,"href":"https:\/\/homeriders.net\/index.php?rest_route=\/wp\/v2\/users\/3"}],"replies":[{"embeddable":true,"href":"https:\/\/homeriders.net\/index.php?rest_route=%2Fwp%2Fv2%2Fcomments&post=9"}],"version-history":[{"count":7,"href":"https:\/\/homeriders.net\/index.php?rest_route=\/wp\/v2\/pages\/9\/revisions"}],"predecessor-version":[{"id":126,"href":"https:\/\/homeriders.net\/index.php?rest_route=\/wp\/v2\/pages\/9\/revisions\/126"}],"wp:attachment":[{"href":"https:\/\/homeriders.net\/index.php?rest_route=%2Fwp%2Fv2%2Fmedia&parent=9"}],"curies":[{"name":"wp","href":"https:\/\/api.w.org\/{rel}","templated":true}]}}